{"id":195,"date":"2016-05-02T22:49:45","date_gmt":"2016-05-02T22:49:45","guid":{"rendered":"http:\/\/www.tactico.ec\/?page_id=195"},"modified":"2024-02-07T13:33:53","modified_gmt":"2024-02-07T13:33:53","slug":"5-11-tactical","status":"publish","type":"page","link":"https:\/\/www.tactico.ec\/?page_id=195","title":{"rendered":"5.11 \u00ae"},"content":{"rendered":"<p class=\"tw-data-text vk_txt tw-ta tw-text-small\" dir=\"ltr\" data-placeholder=\"Translation\"><img loading=\"lazy\" decoding=\"async\" class=\" wp-image-200 aligncenter\" src=\"http:\/\/www.tactico.ec\/wp-content\/uploads\/2016\/05\/5-11-tactical-logo.jpg\" alt=\"5-11-tactical-logo\" width=\"241\" height=\"127\" srcset=\"https:\/\/www.tactico.ec\/wp-content\/uploads\/2016\/05\/5-11-tactical-logo.jpg 800w, https:\/\/www.tactico.ec\/wp-content\/uploads\/2016\/05\/5-11-tactical-logo-300x158.jpg 300w, https:\/\/www.tactico.ec\/wp-content\/uploads\/2016\/05\/5-11-tactical-logo-768x405.jpg 768w\" sizes=\"auto, (max-width: 241px) 100vw, 241px\" \/><\/p>\n<p id=\"tw-target-text\" class=\"tw-data-text vk_txt tw-ta tw-text-small\" dir=\"ltr\" style=\"text-align: justify;\" data-placeholder=\"Translation\"><span lang=\"es\">5.11 Tactical\u00ae \u00a0l\u00edder en la industria del ropa t\u00e1ctica en el mundo enfocada en crear productos de alta calidad que mejoran la seguridad, precisi\u00f3n , velocidad y el rendimiento fuerzas policiales, militares en combate\u00a0. <\/span><\/p>\n<p class=\"tw-data-text vk_txt tw-ta tw-text-small\" dir=\"ltr\" style=\"text-align: justify;\" data-placeholder=\"Translation\"><span lang=\"es\">5.11 Tactical\u00ae con base en USA provee soluciones totales en \u00a0ropa t\u00e1ctica , uniformes , ropa de abrigo , botas , gafas , cuchillos , equipo t\u00e1ctico , fundas de pistola y m\u00e1s.<\/span><\/p>\n<p class=\"tw-data-text vk_txt tw-ta tw-text-small\" dir=\"ltr\" style=\"text-align: justify;\" data-placeholder=\"Translation\">Tenemos disponibles todos los productos de 5.11 Tactical\u00ae si necesita informaci\u00f3n de \u00a0alg\u00fan producto en especial por favor no dude en <a href=\"http:\/\/www.tactico.ec\/?page_id=64\">contactarnos<\/a><\/p>\n<p class=\"tw-data-text vk_txt tw-ta tw-text-small\" dir=\"ltr\" style=\"text-align: justify;\" data-placeholder=\"Translation\"><img loading=\"lazy\" decoding=\"async\" class=\"size-full wp-image-218 aligncenter\" src=\"http:\/\/www.tactico.ec\/wp-content\/uploads\/2016\/05\/5.11-Stryke-Shirt-fb.jpg\" alt=\"5.11 Stryke Shirt fb\" width=\"1200\" height=\"628\" srcset=\"https:\/\/www.tactico.ec\/wp-content\/uploads\/2016\/05\/5.11-Stryke-Shirt-fb.jpg 1200w, https:\/\/www.tactico.ec\/wp-content\/uploads\/2016\/05\/5.11-Stryke-Shirt-fb-300x157.jpg 300w, https:\/\/www.tactico.ec\/wp-content\/uploads\/2016\/05\/5.11-Stryke-Shirt-fb-768x402.jpg 768w, https:\/\/www.tactico.ec\/wp-content\/uploads\/2016\/05\/5.11-Stryke-Shirt-fb-1024x536.jpg 1024w\" sizes=\"auto, (max-width: 1200px) 100vw, 1200px\" \/> <img loading=\"lazy\" decoding=\"async\" class=\" wp-image-220 aligncenter\" src=\"http:\/\/www.tactico.ec\/wp-content\/uploads\/2016\/05\/57_5311d6c6-da88-46cc-92ec-198e3d0cdc2c.jpeg\" alt=\"57_5311d6c6-da88-46cc-92ec-198e3d0cdc2c\" width=\"406\" height=\"468\" srcset=\"https:\/\/www.tactico.ec\/wp-content\/uploads\/2016\/05\/57_5311d6c6-da88-46cc-92ec-198e3d0cdc2c.jpeg 1390w, https:\/\/www.tactico.ec\/wp-content\/uploads\/2016\/05\/57_5311d6c6-da88-46cc-92ec-198e3d0cdc2c-261x300.jpeg 261w, https:\/\/www.tactico.ec\/wp-content\/uploads\/2016\/05\/57_5311d6c6-da88-46cc-92ec-198e3d0cdc2c-768x884.jpeg 768w, https:\/\/www.tactico.ec\/wp-content\/uploads\/2016\/05\/57_5311d6c6-da88-46cc-92ec-198e3d0cdc2c-890x1024.jpeg 890w\" sizes=\"auto, (max-width: 406px) 100vw, 406px\" \/> <img loading=\"lazy\" decoding=\"async\" class=\"wp-image-221 aligncenter\" src=\"http:\/\/www.tactico.ec\/wp-content\/uploads\/2016\/05\/61nos-iNEKL._SY355_.jpg\" alt=\"61nos-iNEKL._SY355_\" width=\"290\" height=\"290\" srcset=\"https:\/\/www.tactico.ec\/wp-content\/uploads\/2016\/05\/61nos-iNEKL._SY355_.jpg 355w, https:\/\/www.tactico.ec\/wp-content\/uploads\/2016\/05\/61nos-iNEKL._SY355_-150x150.jpg 150w, https:\/\/www.tactico.ec\/wp-content\/uploads\/2016\/05\/61nos-iNEKL._SY355_-300x300.jpg 300w, https:\/\/www.tactico.ec\/wp-content\/uploads\/2016\/05\/61nos-iNEKL._SY355_-90x90.jpg 90w\" sizes=\"auto, (max-width: 290px) 100vw, 290px\" \/> <img loading=\"lazy\" decoding=\"async\" class=\"wp-image-223 aligncenter\" src=\"http:\/\/www.tactico.ec\/wp-content\/uploads\/2016\/05\/511_lbe_vest_all__61022.1400193373.1280.1280.jpg\" alt=\"511_lbe_vest_all__61022.1400193373.1280.1280\" width=\"400\" height=\"400\" srcset=\"https:\/\/www.tactico.ec\/wp-content\/uploads\/2016\/05\/511_lbe_vest_all__61022.1400193373.1280.1280.jpg 1280w, https:\/\/www.tactico.ec\/wp-content\/uploads\/2016\/05\/511_lbe_vest_all__61022.1400193373.1280.1280-150x150.jpg 150w, https:\/\/www.tactico.ec\/wp-content\/uploads\/2016\/05\/511_lbe_vest_all__61022.1400193373.1280.1280-300x300.jpg 300w, https:\/\/www.tactico.ec\/wp-content\/uploads\/2016\/05\/511_lbe_vest_all__61022.1400193373.1280.1280-768x768.jpg 768w, https:\/\/www.tactico.ec\/wp-content\/uploads\/2016\/05\/511_lbe_vest_all__61022.1400193373.1280.1280-1024x1024.jpg 1024w, https:\/\/www.tactico.ec\/wp-content\/uploads\/2016\/05\/511_lbe_vest_all__61022.1400193373.1280.1280-90x90.jpg 90w\" sizes=\"auto, (max-width: 400px) 100vw, 400px\" \/> <img loading=\"lazy\" decoding=\"async\" class=\"wp-image-226 aligncenter\" src=\"http:\/\/www.tactico.ec\/wp-content\/uploads\/2016\/05\/policestuff_2415_31941620815.jpeg\" alt=\"policestuff_2415_31941620815\" width=\"398\" height=\"402\" srcset=\"https:\/\/www.tactico.ec\/wp-content\/uploads\/2016\/05\/policestuff_2415_31941620815.jpeg 792w, https:\/\/www.tactico.ec\/wp-content\/uploads\/2016\/05\/policestuff_2415_31941620815-297x300.jpeg 297w, https:\/\/www.tactico.ec\/wp-content\/uploads\/2016\/05\/policestuff_2415_31941620815-768x776.jpeg 768w, https:\/\/www.tactico.ec\/wp-content\/uploads\/2016\/05\/policestuff_2415_31941620815-90x90.jpeg 90w\" sizes=\"auto, (max-width: 398px) 100vw, 398px\" \/><\/p>\n<p class=\"tw-data-text vk_txt tw-ta tw-text-small\" dir=\"ltr\" style=\"text-align: justify;\" data-placeholder=\"Translation\">\n<p class=\"tw-data-text vk_txt tw-ta tw-text-small\" dir=\"ltr\" style=\"text-align: justify;\" data-placeholder=\"Translation\"><img loading=\"lazy\" decoding=\"async\" class=\"size-full wp-image-228 aligncenter\" src=\"http:\/\/www.tactico.ec\/wp-content\/uploads\/2016\/05\/TACLITE-PRO.jpg\" alt=\"TACLITE-PRO\" width=\"600\" height=\"600\" srcset=\"https:\/\/www.tactico.ec\/wp-content\/uploads\/2016\/05\/TACLITE-PRO.jpg 600w, https:\/\/www.tactico.ec\/wp-content\/uploads\/2016\/05\/TACLITE-PRO-150x150.jpg 150w, https:\/\/www.tactico.ec\/wp-content\/uploads\/2016\/05\/TACLITE-PRO-300x300.jpg 300w, https:\/\/www.tactico.ec\/wp-content\/uploads\/2016\/05\/TACLITE-PRO-90x90.jpg 90w\" sizes=\"auto, (max-width: 600px) 100vw, 600px\" \/><\/p>\n","protected":false},"excerpt":{"rendered":"<p>5.11 Tactical\u00ae \u00a0l\u00edder en la industria del ropa t\u00e1ctica en el mundo enfocada en crear productos de alta calidad que mejoran la seguridad, precisi\u00f3n , velocidad y el rendimiento fuerzas policiales, militares en combate\u00a0. 5.11 Tactical\u00ae con base en USA provee soluciones totales en \u00a0ropa t\u00e1ctica , uniformes , ropa de abrigo , botas , &hellip; <a href=\"https:\/\/www.tactico.ec\/?page_id=195\" class=\"more-link\">Seguir leyendo <span class=\"screen-reader-text\">5.11 \u00ae<\/span> <span class=\"meta-nav\">&rarr;<\/span><\/a><\/p>\n","protected":false},"author":1,"featured_media":0,"parent":0,"menu_order":0,"comment_status":"closed","ping_status":"closed","template":"","meta":{"footnotes":""},"class_list":["post-195","page","type-page","status-publish","hentry"],"_links":{"self":[{"href":"https:\/\/www.tactico.ec\/index.php?rest_route=\/wp\/v2\/pages\/195","targetHints":{"allow":["GET"]}}],"collection":[{"href":"https:\/\/www.tactico.ec\/index.php?rest_route=\/wp\/v2\/pages"}],"about":[{"href":"https:\/\/www.tactico.ec\/index.php?rest_route=\/wp\/v2\/types\/page"}],"author":[{"embeddable":true,"href":"https:\/\/www.tactico.ec\/index.php?rest_route=\/wp\/v2\/users\/1"}],"replies":[{"embeddable":true,"href":"https:\/\/www.tactico.ec\/index.php?rest_route=%2Fwp%2Fv2%2Fcomments&post=195"}],"version-history":[{"count":13,"href":"https:\/\/www.tactico.ec\/index.php?rest_route=\/wp\/v2\/pages\/195\/revisions"}],"predecessor-version":[{"id":631,"href":"https:\/\/www.tactico.ec\/index.php?rest_route=\/wp\/v2\/pages\/195\/revisions\/631"}],"wp:attachment":[{"href":"https:\/\/www.tactico.ec\/index.php?rest_route=%2Fwp%2Fv2%2Fmedia&parent=195"}],"curies":[{"name":"wp","href":"https:\/\/api.w.org\/{rel}","templated":true}]}}