{"id":275,"date":"2017-03-03T18:13:00","date_gmt":"2017-03-03T18:13:00","guid":{"rendered":"http:\/\/www.tactico.ec\/?page_id=275"},"modified":"2024-02-09T16:44:25","modified_gmt":"2024-02-09T16:44:25","slug":"equipo-balistico","status":"publish","type":"page","link":"https:\/\/www.tactico.ec\/?page_id=275","title":{"rendered":"Equipo Bal\u00edstico"},"content":{"rendered":"<div class=\"wp-block-image\">\n<figure class=\"aligncenter size-full is-resized\"><a href=\"https:\/\/www.tactico.ec\/wp-content\/uploads\/2024\/02\/logo.png\"><img loading=\"lazy\" decoding=\"async\" width=\"206\" height=\"80\" src=\"https:\/\/www.tactico.ec\/wp-content\/uploads\/2024\/02\/logo.png\" alt=\"\" class=\"wp-image-655\" style=\"width:206px;height:auto\"\/><\/a><\/figure>\n<\/div>\n\n\n<p><strong>Zebra Armour <\/strong>se estableci\u00f3 en el a\u00f1o 2001 en Durban Sud\u00e1frica.  Reconocidos como l\u00edder mundial en el desarrollo y la fabricaci\u00f3n de una gama integral de alta tecnolog\u00eda, una gama especializada extremadamente confiable de cascos bal\u00edsticos, chalecos bal\u00edsticos, placas bal\u00edsticas, desminaci\u00f3n y escudos. Somos reconocidos en particular por nuestra ingenier\u00eda bal\u00edstica y fabricaci\u00f3n de productos de alta calidad. Nuestra alta gerencia en Zebra Protection ha acumulado m\u00e1s de 40 a\u00f1os de experiencia y conocimiento en la industria de protecci\u00f3n bal\u00edstica.<br>Las pruebas se realizan a est\u00e1ndares internacionales como NIJ STD 0101.04, NIJ 0101.06, NIJ STD 0106.01 y NIJ0108.01.<\/p>\n\n\n\n<p class=\"has-green-color has-text-color has-link-color wp-elements-5ea1e99ab2ecb75c128eb039be315ee5\"><strong>*POR RAZONES DE SEGURIDAD DE NUESTROS CLIENTES, NO IMPORTAMOS NI VENDEMOS EQUIPO INDIO, PAQUISTAN\u00cd O CHINO. <\/strong><\/p>\n\n\n\n<p class=\"has-green-color has-text-color has-link-color wp-elements-6eb54b38a5be88ecb861ea4c5f60c07f\"><strong>*TODOS LOS EQUIPOS BAL\u00cdSTICOS SON IMPORTADOS BAJO PEDIDO Y FABRICADOS BAJO PEDIDO EN EL A\u00d1O EN CURSO, NO VENDEMOS EQUIPOS FABRICADOS EN A\u00d1OS ANTERIORES .<\/strong><\/p>\n\n\n\n<p><strong>Cascos Bal\u00edsticos. <\/strong> Zebra Armour ha  producido y exportado m\u00e1s de 350.000 cascos en todo el mundo desde 2001. Nuestra moderna planta fabrica cascos livianos, de alto rendimiento y  de la m\u00e1s alta calidad. Todos los cascos se pueden personalizar con diferentes tipos de arneses, colores y visores bal\u00edsticos de acuerdo a su necesidad.<\/p>\n\n\n<div class=\"wp-block-image\">\n<figure class=\"aligncenter size-large\"><a href=\"https:\/\/www.tactico.ec\/wp-content\/uploads\/2024\/02\/web-banner-new-.png\"><img loading=\"lazy\" decoding=\"async\" width=\"1024\" height=\"374\" src=\"https:\/\/www.tactico.ec\/wp-content\/uploads\/2024\/02\/web-banner-new--1024x374.png\" alt=\"\" class=\"wp-image-715\" srcset=\"https:\/\/www.tactico.ec\/wp-content\/uploads\/2024\/02\/web-banner-new--1024x374.png 1024w, https:\/\/www.tactico.ec\/wp-content\/uploads\/2024\/02\/web-banner-new--300x109.png 300w, https:\/\/www.tactico.ec\/wp-content\/uploads\/2024\/02\/web-banner-new--768x280.png 768w, https:\/\/www.tactico.ec\/wp-content\/uploads\/2024\/02\/web-banner-new-.png 1135w\" sizes=\"auto, (max-width: 1024px) 100vw, 1024px\" \/><\/a><\/figure>\n<\/div>\n\n<div class=\"wp-block-image\">\n<figure class=\"aligncenter size-large is-resized\"><a href=\"https:\/\/www.tactico.ec\/wp-content\/uploads\/2024\/02\/Sin-titulo.jpg\"><img loading=\"lazy\" decoding=\"async\" width=\"815\" height=\"1024\" src=\"https:\/\/www.tactico.ec\/wp-content\/uploads\/2024\/02\/Sin-titulo-815x1024.jpg\" alt=\"\" class=\"wp-image-717\" style=\"width:504px;height:auto\" srcset=\"https:\/\/www.tactico.ec\/wp-content\/uploads\/2024\/02\/Sin-titulo-815x1024.jpg 815w, https:\/\/www.tactico.ec\/wp-content\/uploads\/2024\/02\/Sin-titulo-239x300.jpg 239w, https:\/\/www.tactico.ec\/wp-content\/uploads\/2024\/02\/Sin-titulo-768x964.jpg 768w, https:\/\/www.tactico.ec\/wp-content\/uploads\/2024\/02\/Sin-titulo-1223x1536.jpg 1223w, https:\/\/www.tactico.ec\/wp-content\/uploads\/2024\/02\/Sin-titulo.jpg 1556w\" sizes=\"auto, (max-width: 815px) 100vw, 815px\" \/><\/a><\/figure>\n<\/div>\n\n\n<p><strong>Chalecos bal\u00edsticos.<\/strong> Zebra Armour dispone de una variedad de chalecos, porta placas,  con paneles removibles , sistema molle. con certificaciones NIJ y STANAG  <\/p>\n\n\n<div class=\"wp-block-image\">\n<figure class=\"aligncenter size-large is-resized\"><a href=\"https:\/\/www.tactico.ec\/wp-content\/uploads\/2024\/02\/3.jpg\"><img loading=\"lazy\" decoding=\"async\" width=\"873\" height=\"1024\" src=\"https:\/\/www.tactico.ec\/wp-content\/uploads\/2024\/02\/3-873x1024.jpg\" alt=\"\" class=\"wp-image-721\" style=\"width:506px;height:auto\" srcset=\"https:\/\/www.tactico.ec\/wp-content\/uploads\/2024\/02\/3-873x1024.jpg 873w, https:\/\/www.tactico.ec\/wp-content\/uploads\/2024\/02\/3-256x300.jpg 256w, https:\/\/www.tactico.ec\/wp-content\/uploads\/2024\/02\/3-768x901.jpg 768w, https:\/\/www.tactico.ec\/wp-content\/uploads\/2024\/02\/3-1309x1536.jpg 1309w, https:\/\/www.tactico.ec\/wp-content\/uploads\/2024\/02\/3.jpg 1414w\" sizes=\"auto, (max-width: 873px) 100vw, 873px\" \/><\/a><\/figure>\n<\/div>\n\n<div class=\"wp-block-image\">\n<figure class=\"aligncenter size-large is-resized\"><a href=\"https:\/\/www.tactico.ec\/wp-content\/uploads\/2024\/02\/WhatsApp-Image-2024-02-09-at-11.07.46.jpeg\"><img loading=\"lazy\" decoding=\"async\" width=\"1024\" height=\"995\" src=\"https:\/\/www.tactico.ec\/wp-content\/uploads\/2024\/02\/WhatsApp-Image-2024-02-09-at-11.07.46-1024x995.jpeg\" alt=\"\" class=\"wp-image-722\" style=\"width:508px;height:auto\" srcset=\"https:\/\/www.tactico.ec\/wp-content\/uploads\/2024\/02\/WhatsApp-Image-2024-02-09-at-11.07.46-1024x995.jpeg 1024w, https:\/\/www.tactico.ec\/wp-content\/uploads\/2024\/02\/WhatsApp-Image-2024-02-09-at-11.07.46-300x292.jpeg 300w, https:\/\/www.tactico.ec\/wp-content\/uploads\/2024\/02\/WhatsApp-Image-2024-02-09-at-11.07.46-768x746.jpeg 768w, https:\/\/www.tactico.ec\/wp-content\/uploads\/2024\/02\/WhatsApp-Image-2024-02-09-at-11.07.46.jpeg 1142w\" sizes=\"auto, (max-width: 1024px) 100vw, 1024px\" \/><\/a><\/figure>\n<\/div>\n\n<div class=\"wp-block-image\">\n<figure class=\"aligncenter size-large\"><a href=\"https:\/\/www.tactico.ec\/wp-content\/uploads\/2024\/02\/all.jpg-.jpg\"><img loading=\"lazy\" decoding=\"async\" width=\"1024\" height=\"1024\" src=\"https:\/\/www.tactico.ec\/wp-content\/uploads\/2024\/02\/all.jpg--1024x1024.jpg\" alt=\"\" class=\"wp-image-724\" srcset=\"https:\/\/www.tactico.ec\/wp-content\/uploads\/2024\/02\/all.jpg--1024x1024.jpg 1024w, https:\/\/www.tactico.ec\/wp-content\/uploads\/2024\/02\/all.jpg--300x300.jpg 300w, https:\/\/www.tactico.ec\/wp-content\/uploads\/2024\/02\/all.jpg--150x150.jpg 150w, https:\/\/www.tactico.ec\/wp-content\/uploads\/2024\/02\/all.jpg--768x768.jpg 768w, https:\/\/www.tactico.ec\/wp-content\/uploads\/2024\/02\/all.jpg--1536x1536.jpg 1536w, https:\/\/www.tactico.ec\/wp-content\/uploads\/2024\/02\/all.jpg-.jpg 1992w\" sizes=\"auto, (max-width: 1024px) 100vw, 1024px\" \/><\/a><\/figure>\n<\/div>\n\n\n<p><strong>Placas Bal\u00edsticas<\/strong> de varios niveles  del tipo ICW o SA.  Niveles III, III+, IV.<\/p>\n\n\n<div class=\"wp-block-image\">\n<figure class=\"aligncenter size-large\"><a href=\"https:\/\/www.tactico.ec\/wp-content\/uploads\/2024\/02\/placa-.jpg\"><img loading=\"lazy\" decoding=\"async\" width=\"884\" height=\"1024\" src=\"https:\/\/www.tactico.ec\/wp-content\/uploads\/2024\/02\/placa--884x1024.jpg\" alt=\"\" class=\"wp-image-726\" srcset=\"https:\/\/www.tactico.ec\/wp-content\/uploads\/2024\/02\/placa--884x1024.jpg 884w, https:\/\/www.tactico.ec\/wp-content\/uploads\/2024\/02\/placa--259x300.jpg 259w, https:\/\/www.tactico.ec\/wp-content\/uploads\/2024\/02\/placa--768x890.jpg 768w, https:\/\/www.tactico.ec\/wp-content\/uploads\/2024\/02\/placa-.jpg 981w\" sizes=\"auto, (max-width: 884px) 100vw, 884px\" \/><\/a><\/figure>\n<\/div>\n\n<div class=\"wp-block-image\">\n<figure class=\"aligncenter size-large\"><a href=\"https:\/\/www.tactico.ec\/wp-content\/uploads\/2024\/02\/resis.jpg\"><img loading=\"lazy\" decoding=\"async\" width=\"1024\" height=\"385\" src=\"https:\/\/www.tactico.ec\/wp-content\/uploads\/2024\/02\/resis-1024x385.jpg\" alt=\"\" class=\"wp-image-727\" srcset=\"https:\/\/www.tactico.ec\/wp-content\/uploads\/2024\/02\/resis-1024x385.jpg 1024w, https:\/\/www.tactico.ec\/wp-content\/uploads\/2024\/02\/resis-300x113.jpg 300w, https:\/\/www.tactico.ec\/wp-content\/uploads\/2024\/02\/resis-768x288.jpg 768w, https:\/\/www.tactico.ec\/wp-content\/uploads\/2024\/02\/resis.jpg 1518w\" sizes=\"auto, (max-width: 1024px) 100vw, 1024px\" \/><\/a><\/figure>\n<\/div>\n\n\n<p><strong>Visor Bal\u00edstico .<\/strong><\/p>\n\n\n<div class=\"wp-block-image\">\n<figure class=\"aligncenter size-large is-resized\"><a href=\"https:\/\/www.tactico.ec\/wp-content\/uploads\/2024\/02\/PHOTO-2024-02-09-11-33-57.jpg\"><img loading=\"lazy\" decoding=\"async\" width=\"1024\" height=\"759\" src=\"https:\/\/www.tactico.ec\/wp-content\/uploads\/2024\/02\/PHOTO-2024-02-09-11-33-57-1024x759.jpg\" alt=\"\" class=\"wp-image-731\" style=\"width:424px;height:auto\" srcset=\"https:\/\/www.tactico.ec\/wp-content\/uploads\/2024\/02\/PHOTO-2024-02-09-11-33-57-1024x759.jpg 1024w, https:\/\/www.tactico.ec\/wp-content\/uploads\/2024\/02\/PHOTO-2024-02-09-11-33-57-300x222.jpg 300w, https:\/\/www.tactico.ec\/wp-content\/uploads\/2024\/02\/PHOTO-2024-02-09-11-33-57-768x569.jpg 768w, https:\/\/www.tactico.ec\/wp-content\/uploads\/2024\/02\/PHOTO-2024-02-09-11-33-57.jpg 1170w\" sizes=\"auto, (max-width: 1024px) 100vw, 1024px\" \/><\/a><\/figure>\n<\/div>\n\n\n<p><strong>Visor de Desminado<\/strong>. Antifragmentaci\u00f3n.<\/p>\n\n\n<div class=\"wp-block-image\">\n<figure class=\"aligncenter size-large is-resized\"><a href=\"https:\/\/www.tactico.ec\/wp-content\/uploads\/2024\/02\/PHOTO-2024-02-09-11-34-00.jpg\"><img loading=\"lazy\" decoding=\"async\" width=\"1024\" height=\"802\" src=\"https:\/\/www.tactico.ec\/wp-content\/uploads\/2024\/02\/PHOTO-2024-02-09-11-34-00-1024x802.jpg\" alt=\"\" class=\"wp-image-733\" style=\"width:418px;height:auto\" srcset=\"https:\/\/www.tactico.ec\/wp-content\/uploads\/2024\/02\/PHOTO-2024-02-09-11-34-00-1024x802.jpg 1024w, https:\/\/www.tactico.ec\/wp-content\/uploads\/2024\/02\/PHOTO-2024-02-09-11-34-00-300x235.jpg 300w, https:\/\/www.tactico.ec\/wp-content\/uploads\/2024\/02\/PHOTO-2024-02-09-11-34-00-768x601.jpg 768w, https:\/\/www.tactico.ec\/wp-content\/uploads\/2024\/02\/PHOTO-2024-02-09-11-34-00.jpg 1170w\" sizes=\"auto, (max-width: 1024px) 100vw, 1024px\" \/><\/a><\/figure>\n<\/div>\n\n\n<p><strong>Escudo Bal\u00edstico<\/strong>. Diferentes Niveles <\/p>\n\n\n<div class=\"wp-block-image\">\n<figure class=\"aligncenter size-full is-resized\"><a href=\"https:\/\/www.tactico.ec\/wp-content\/uploads\/2024\/02\/PHOTO-2024-02-09-11-34-00-3.jpg\"><img loading=\"lazy\" decoding=\"async\" width=\"833\" height=\"885\" src=\"https:\/\/www.tactico.ec\/wp-content\/uploads\/2024\/02\/PHOTO-2024-02-09-11-34-00-3.jpg\" alt=\"\" class=\"wp-image-730\" style=\"width:389px;height:auto\" srcset=\"https:\/\/www.tactico.ec\/wp-content\/uploads\/2024\/02\/PHOTO-2024-02-09-11-34-00-3.jpg 833w, https:\/\/www.tactico.ec\/wp-content\/uploads\/2024\/02\/PHOTO-2024-02-09-11-34-00-3-282x300.jpg 282w, https:\/\/www.tactico.ec\/wp-content\/uploads\/2024\/02\/PHOTO-2024-02-09-11-34-00-3-768x816.jpg 768w\" sizes=\"auto, (max-width: 833px) 100vw, 833px\" \/><\/a><\/figure>\n<\/div>\n\n\n<p><strong>Traje de Desminado.<\/strong><\/p>\n\n\n<div class=\"wp-block-image\">\n<figure class=\"aligncenter size-large\"><a href=\"https:\/\/www.tactico.ec\/wp-content\/uploads\/2024\/02\/PHOTO-2024-02-09-11-34-00-2.jpg\"><img loading=\"lazy\" decoding=\"async\" width=\"864\" height=\"1024\" src=\"https:\/\/www.tactico.ec\/wp-content\/uploads\/2024\/02\/PHOTO-2024-02-09-11-34-00-2-864x1024.jpg\" alt=\"\" class=\"wp-image-732\" srcset=\"https:\/\/www.tactico.ec\/wp-content\/uploads\/2024\/02\/PHOTO-2024-02-09-11-34-00-2-864x1024.jpg 864w, https:\/\/www.tactico.ec\/wp-content\/uploads\/2024\/02\/PHOTO-2024-02-09-11-34-00-2-253x300.jpg 253w, https:\/\/www.tactico.ec\/wp-content\/uploads\/2024\/02\/PHOTO-2024-02-09-11-34-00-2-768x911.jpg 768w, https:\/\/www.tactico.ec\/wp-content\/uploads\/2024\/02\/PHOTO-2024-02-09-11-34-00-2.jpg 1056w\" sizes=\"auto, (max-width: 864px) 100vw, 864px\" \/><\/a><\/figure>\n<\/div>","protected":false},"excerpt":{"rendered":"<p>Zebra Armour se estableci\u00f3 en el a\u00f1o 2001 en Durban Sud\u00e1frica. Reconocidos como l\u00edder mundial en el desarrollo y la fabricaci\u00f3n de una gama integral de alta tecnolog\u00eda, una gama especializada extremadamente confiable de cascos bal\u00edsticos, chalecos bal\u00edsticos, placas bal\u00edsticas, desminaci\u00f3n y escudos. Somos reconocidos en particular por nuestra ingenier\u00eda bal\u00edstica y fabricaci\u00f3n de productos &hellip; <a href=\"https:\/\/www.tactico.ec\/?page_id=275\" class=\"more-link\">Seguir leyendo <span class=\"screen-reader-text\">Equipo Bal\u00edstico<\/span> <span class=\"meta-nav\">&rarr;<\/span><\/a><\/p>\n","protected":false},"author":1,"featured_media":0,"parent":0,"menu_order":0,"comment_status":"closed","ping_status":"closed","template":"","meta":{"footnotes":""},"class_list":["post-275","page","type-page","status-publish","hentry"],"_links":{"self":[{"href":"https:\/\/www.tactico.ec\/index.php?rest_route=\/wp\/v2\/pages\/275","targetHints":{"allow":["GET"]}}],"collection":[{"href":"https:\/\/www.tactico.ec\/index.php?rest_route=\/wp\/v2\/pages"}],"about":[{"href":"https:\/\/www.tactico.ec\/index.php?rest_route=\/wp\/v2\/types\/page"}],"author":[{"embeddable":true,"href":"https:\/\/www.tactico.ec\/index.php?rest_route=\/wp\/v2\/users\/1"}],"replies":[{"embeddable":true,"href":"https:\/\/www.tactico.ec\/index.php?rest_route=%2Fwp%2Fv2%2Fcomments&post=275"}],"version-history":[{"count":41,"href":"https:\/\/www.tactico.ec\/index.php?rest_route=\/wp\/v2\/pages\/275\/revisions"}],"predecessor-version":[{"id":736,"href":"https:\/\/www.tactico.ec\/index.php?rest_route=\/wp\/v2\/pages\/275\/revisions\/736"}],"wp:attachment":[{"href":"https:\/\/www.tactico.ec\/index.php?rest_route=%2Fwp%2Fv2%2Fmedia&parent=275"}],"curies":[{"name":"wp","href":"https:\/\/api.w.org\/{rel}","templated":true}]}}