{"id":558,"date":"2019-10-03T16:10:42","date_gmt":"2019-10-03T16:10:42","guid":{"rendered":"http:\/\/www.tactico.ec\/?page_id=558"},"modified":"2024-02-09T15:27:37","modified_gmt":"2024-02-09T15:27:37","slug":"sokks","status":"publish","type":"page","link":"https:\/\/www.tactico.ec\/?page_id=558","title":{"rendered":"Pseudos Caninos"},"content":{"rendered":"\n<p><\/p>\n\n\n<p><img loading=\"lazy\" decoding=\"async\" class=\"aligncenter wp-image-502\" src=\"http:\/\/www.tactico.ec\/wp-content\/uploads\/2019\/10\/SOKKS-Final-Logo.png\" alt=\"\" width=\"322\" height=\"116\" srcset=\"https:\/\/www.tactico.ec\/wp-content\/uploads\/2019\/10\/SOKKS-Final-Logo.png 959w, https:\/\/www.tactico.ec\/wp-content\/uploads\/2019\/10\/SOKKS-Final-Logo-300x108.png 300w, https:\/\/www.tactico.ec\/wp-content\/uploads\/2019\/10\/SOKKS-Final-Logo-768x276.png 768w\" sizes=\"auto, (max-width: 322px) 100vw, 322px\" \/><\/p>\n<p><strong>SOKKS-MPTS\u00ae<\/strong> ha sido desarrollado por el Dr. Wolf A. Kafka en colaboraci\u00f3n con la Polic\u00eda estatal de Bavaria (Bavaria, Alemania).<\/p>\n<p><img loading=\"lazy\" decoding=\"async\" class=\"aligncenter wp-image-565\" src=\"http:\/\/www.tactico.ec\/wp-content\/uploads\/2019\/10\/SK200-350-1.jpg\" alt=\"\" width=\"280\" height=\"280\" srcset=\"https:\/\/www.tactico.ec\/wp-content\/uploads\/2019\/10\/SK200-350-1.jpg 350w, https:\/\/www.tactico.ec\/wp-content\/uploads\/2019\/10\/SK200-350-1-150x150.jpg 150w, https:\/\/www.tactico.ec\/wp-content\/uploads\/2019\/10\/SK200-350-1-300x300.jpg 300w, https:\/\/www.tactico.ec\/wp-content\/uploads\/2019\/10\/SK200-350-1-90x90.jpg 90w\" sizes=\"auto, (max-width: 280px) 100vw, 280px\" \/><\/p>\n<p><strong>SOKKS-MPTS\u00ae <em>no es un pseudo o una imitaci\u00f3n qu\u00edmica del olor real<\/em><\/strong>, <strong>SOKKS-MPTS\u00ae<\/strong>\u00a0son micropart\u00edculas o nanopart\u00edculas de <strong><em>sustancias reales, <\/em><\/strong>\u00a0con componentes altamente purificados del material a detectar, con lo que el can logra detectar concentraciones sumamente bajas \u00a0(1.000 a 10.000 mol\u00e9culas por cm3) de fuentes de olor de tales sustancias.<\/p>\n<p><img loading=\"lazy\" decoding=\"async\" class=\"aligncenter wp-image-506\" src=\"http:\/\/www.tactico.ec\/wp-content\/uploads\/2019\/10\/aa9aa3ff-2619-4b1f-a4a5-94fc89ffb6e9.jpg\" alt=\"\" width=\"356\" height=\"237\" srcset=\"https:\/\/www.tactico.ec\/wp-content\/uploads\/2019\/10\/aa9aa3ff-2619-4b1f-a4a5-94fc89ffb6e9.jpg 960w, https:\/\/www.tactico.ec\/wp-content\/uploads\/2019\/10\/aa9aa3ff-2619-4b1f-a4a5-94fc89ffb6e9-300x200.jpg 300w, https:\/\/www.tactico.ec\/wp-content\/uploads\/2019\/10\/aa9aa3ff-2619-4b1f-a4a5-94fc89ffb6e9-768x512.jpg 768w\" sizes=\"auto, (max-width: 356px) 100vw, 356px\" \/><\/p>\n<p>Cada tubito cil\u00edndrico \u00a0flexible de <strong>SOKKS-MPTS\u00ae<\/strong>est\u00e1 cargado con mezclas de sustancias en microgramos y no presentan peligro para el CAN o el GU\u00cdA o el MEDIO AMBIENTE \u00a0y est\u00e1n libres de polvo u otros \u00a0olores.<\/p>\n<p><img loading=\"lazy\" decoding=\"async\" class=\"aligncenter wp-image-562\" src=\"http:\/\/www.tactico.ec\/wp-content\/uploads\/2019\/10\/2a324d05-43e7-4ab9-8962-e3ae6a1d3f5f.jpg\" alt=\"\" width=\"223\" height=\"251\" srcset=\"https:\/\/www.tactico.ec\/wp-content\/uploads\/2019\/10\/2a324d05-43e7-4ab9-8962-e3ae6a1d3f5f.jpg 1137w, https:\/\/www.tactico.ec\/wp-content\/uploads\/2019\/10\/2a324d05-43e7-4ab9-8962-e3ae6a1d3f5f-266x300.jpg 266w, https:\/\/www.tactico.ec\/wp-content\/uploads\/2019\/10\/2a324d05-43e7-4ab9-8962-e3ae6a1d3f5f-768x865.jpg 768w, https:\/\/www.tactico.ec\/wp-content\/uploads\/2019\/10\/2a324d05-43e7-4ab9-8962-e3ae6a1d3f5f-910x1024.jpg 910w\" sizes=\"auto, (max-width: 223px) 100vw, 223px\" \/><\/p>\n<p>El uso de <strong>SOKKS-MPTS\u00ae<\/strong>, evita problemas y fallas en la detecci\u00f3n causada por la contaminaci\u00f3n de materiales de empaque, rellenos o solventes como ocurre con la fabricaci\u00f3n de pseudos convencionales.<\/p>\n<p><img loading=\"lazy\" decoding=\"async\" class=\"aligncenter wp-image-563\" src=\"http:\/\/www.tactico.ec\/wp-content\/uploads\/2019\/10\/05a5c4ff-1a3a-4046-b664-126643db5149.jpg\" alt=\"\" width=\"207\" height=\"207\" srcset=\"https:\/\/www.tactico.ec\/wp-content\/uploads\/2019\/10\/05a5c4ff-1a3a-4046-b664-126643db5149.jpg 350w, https:\/\/www.tactico.ec\/wp-content\/uploads\/2019\/10\/05a5c4ff-1a3a-4046-b664-126643db5149-150x150.jpg 150w, https:\/\/www.tactico.ec\/wp-content\/uploads\/2019\/10\/05a5c4ff-1a3a-4046-b664-126643db5149-300x300.jpg 300w, https:\/\/www.tactico.ec\/wp-content\/uploads\/2019\/10\/05a5c4ff-1a3a-4046-b664-126643db5149-90x90.jpg 90w\" sizes=\"auto, (max-width: 207px) 100vw, 207px\" \/><\/p>\n<p><strong>SOKKS-MPTS\u00ae<\/strong> son quimicamente estables por al menos tres a\u00f1os. Debido a su carga de fuertes multicomponentes, al usarlos estar\u00eda disminuyendo dr\u00e1sticamente el tiempo de condicionamiento.<\/p>\n<p><img loading=\"lazy\" decoding=\"async\" class=\"aligncenter wp-image-566\" src=\"http:\/\/www.tactico.ec\/wp-content\/uploads\/2019\/10\/Sin-t\u00edtulo.png\" alt=\"\" width=\"406\" height=\"304\" srcset=\"https:\/\/www.tactico.ec\/wp-content\/uploads\/2019\/10\/Sin-t\u00edtulo.png 516w, https:\/\/www.tactico.ec\/wp-content\/uploads\/2019\/10\/Sin-t\u00edtulo-300x225.png 300w\" sizes=\"auto, (max-width: 406px) 100vw, 406px\" \/><\/p>\n<p><strong>SOKKS-MPTS\u00ae Explosivos (frasco x 50 tubitos):\u00a0<\/strong><\/p>\n<p>Los canes bien entrenados con\u00a0<strong>SOKKS-MPTS\u00ae Explosivos<\/strong>\u00a0detectar\u00e1n:<\/p>\n<p>Ammonia-Nitrate<br \/>\nHexogen (RDX)<br \/>\nPotassium Chloride<br \/>\nPotassium Nitrate<br \/>\nSodium Chlorate<br \/>\nNitro-Glycerine<br \/>\nNitro-Cellulose<br \/>\nTNT<br \/>\nALL Dynamites<br \/>\nWater Gels<br \/>\nOktogen (HMX)<br \/>\nSmokeless Powder<br \/>\nBlack Powder<br \/>\nGun Powder<br \/>\nChlorates<br \/>\nPETN = Nitropenta<br \/>\nTATP<br \/>\nHMTD<\/p>\n<p><strong>SOKKS-MPTS\u00ae Drogas (frasco x 50 tubitos):\u00a0<\/strong><\/p>\n<p>Los canes bien entrenados con\u00a0<strong>SOKKS-MPTS\u00ae Drogas\u00a0<\/strong>\u00a0detectar\u00e1n:<\/p>\n<p>Cocaine ( Koka, Pflanza, Peru)<br \/>\nMorphine<br \/>\nCrack (Cocaine + Sodium Hydrogen Carbonate Backpulver)<br \/>\nOpium<br \/>\nHeroin<br \/>\nLSD<br \/>\nAmphetamines<br \/>\nEcstasy (Methamphetamine)<br \/>\nLiquid Ecstasy GHB<br \/>\nThai-Pillen (Methamphetamine)<br \/>\nHemp Cannabis Indica, Sativa, Ruderalis<br \/>\nMarijuana<br \/>\nCannabis<br \/>\nHash<\/p>\n<p><strong>SOKKS-MPTS\u00ae Humanos\/restos humanos \u00a0(frasco x 50 tubitos):\u00a0<\/strong><\/p>\n<p>Los canes bien entrenados con\u00a0<strong>SOKKS-MPTS\u00ae Humanos\/restos humanos<\/strong>\u00a0detectar\u00e1n:<\/p>\n<p>Personas vivas<br \/>\nCad\u00e1veres<br \/>\nSangre humana<br \/>\nPartes humanas en todos los estados de descomposici\u00f3n<\/p>\n<p><strong>SOKKS-MPTS\u00ae Papel Moneda (frasco x 50 tubitos):\u00a0<\/strong><\/p>\n<p>Los canes bien entrenados con\u00a0<strong>SOKKS-MPTS\u00ae Papel Moneda\u00a0<\/strong>detectar\u00e1n:<\/p>\n<p>US D\u00f3lares<br \/>\nEuros<br \/>\nMarcos Suizos<\/p>\n<p><strong>SOKKS-MPTS\u00ae Acelerantes \u00a0(frasco x 50 tubitos):\u00a0<\/strong><\/p>\n<p>Los canes bien entrenados con\u00a0<strong>SOKKS-MPTS\u00ae Acelerantes<\/strong>\u00a0detectar\u00e1n:<\/p>\n<p>1.1 Ethanol 78<br \/>\n1.2 Isopropanol 82<br \/>\n2.1 Acetone 56<br \/>\n2.2 Methyl Ethyl Ketone 80<br \/>\n3.1 Ethyl Acetate 77<br \/>\n3.2 Butyl Acetate 127<br \/>\n4.1 Butyl Glycol 171<br \/>\n5.1 Hexene 69<br \/>\n5.2 Cyclohexene 80<br \/>\n5.3 Toluene 110<br \/>\n5.4 Xylol-Mixture 140<br \/>\n6.1 Petrol 40-200<br \/>\n6.2 Candlelight Oil 130-280<br \/>\n6.3 Gas Oil 160-360<br \/>\n6.4 Spirit 78<br \/>\n(numbers represent vapor pressure)<\/p>\n<p><strong>SOKKS-MPTS\u00ae \u00c1caros \u00a0(frasco x 50 tubitos):\u00a0<\/strong><\/p>\n<p>Cada tubito contiene micropart\u00edculas de olor real de \u00c1caros.<\/p>\n<p><strong>SOKKS-MPTS\u00ae Tel\u00e9fonos Celulares \u00a0(frasco x 50 tubitos):\u00a0<\/strong><\/p>\n<p>Cada tubito contiene micropart\u00edculas de olor real de Tel\u00e9fonos Celulares.<\/p>\n<p><strong>SOKKS-MPTS\u00ae Cites \u00a0(frasco x 50 tubitos):\u00a0<\/strong><\/p>\n<p>Cada tubito contiene micropart\u00edculas de olor real de especies animales protegidas:<\/p>\n<p>Rinocerontes<br \/>\nReptiles<br \/>\nGuacamayos<br \/>\n\u00c1guilas<br \/>\nMarfil<\/p>","protected":false},"excerpt":{"rendered":"<p>SOKKS-MPTS\u00ae ha sido desarrollado por el Dr. Wolf A. Kafka en colaboraci\u00f3n con la Polic\u00eda estatal de Bavaria (Bavaria, Alemania). SOKKS-MPTS\u00ae no es un pseudo o una imitaci\u00f3n qu\u00edmica del olor real, SOKKS-MPTS\u00ae\u00a0son micropart\u00edculas o nanopart\u00edculas de sustancias reales, \u00a0con componentes altamente purificados del material a detectar, con lo que el can logra detectar concentraciones &hellip; <a href=\"https:\/\/www.tactico.ec\/?page_id=558\" class=\"more-link\">Seguir leyendo <span class=\"screen-reader-text\">Pseudos Caninos<\/span> <span class=\"meta-nav\">&rarr;<\/span><\/a><\/p>\n","protected":false},"author":1,"featured_media":0,"parent":0,"menu_order":0,"comment_status":"closed","ping_status":"closed","template":"","meta":{"footnotes":""},"class_list":["post-558","page","type-page","status-publish","hentry"],"_links":{"self":[{"href":"https:\/\/www.tactico.ec\/index.php?rest_route=\/wp\/v2\/pages\/558","targetHints":{"allow":["GET"]}}],"collection":[{"href":"https:\/\/www.tactico.ec\/index.php?rest_route=\/wp\/v2\/pages"}],"about":[{"href":"https:\/\/www.tactico.ec\/index.php?rest_route=\/wp\/v2\/types\/page"}],"author":[{"embeddable":true,"href":"https:\/\/www.tactico.ec\/index.php?rest_route=\/wp\/v2\/users\/1"}],"replies":[{"embeddable":true,"href":"https:\/\/www.tactico.ec\/index.php?rest_route=%2Fwp%2Fv2%2Fcomments&post=558"}],"version-history":[{"count":11,"href":"https:\/\/www.tactico.ec\/index.php?rest_route=\/wp\/v2\/pages\/558\/revisions"}],"predecessor-version":[{"id":713,"href":"https:\/\/www.tactico.ec\/index.php?rest_route=\/wp\/v2\/pages\/558\/revisions\/713"}],"wp:attachment":[{"href":"https:\/\/www.tactico.ec\/index.php?rest_route=%2Fwp%2Fv2%2Fmedia&parent=558"}],"curies":[{"name":"wp","href":"https:\/\/api.w.org\/{rel}","templated":true}]}}