{"id":645,"date":"2024-02-07T14:30:58","date_gmt":"2024-02-07T14:30:58","guid":{"rendered":"https:\/\/www.tactico.ec\/?page_id=645"},"modified":"2024-02-08T23:44:18","modified_gmt":"2024-02-08T23:44:18","slug":"tarjetas-de-triage","status":"publish","type":"page","link":"https:\/\/www.tactico.ec\/?page_id=645","title":{"rendered":"Tarjetas de Triage"},"content":{"rendered":"<div class=\"wp-block-image\">\n<figure class=\"aligncenter size-full is-resized\"><a href=\"https:\/\/www.tactico.ec\/wp-content\/uploads\/2024\/02\/DMS-Logo_AggressiveMgmt6.png\"><img loading=\"lazy\" decoding=\"async\" width=\"400\" height=\"97\" src=\"https:\/\/www.tactico.ec\/wp-content\/uploads\/2024\/02\/DMS-Logo_AggressiveMgmt6.png\" alt=\"\" class=\"wp-image-646\" style=\"width:478px;height:auto\" srcset=\"https:\/\/www.tactico.ec\/wp-content\/uploads\/2024\/02\/DMS-Logo_AggressiveMgmt6.png 400w, https:\/\/www.tactico.ec\/wp-content\/uploads\/2024\/02\/DMS-Logo_AggressiveMgmt6-300x73.png 300w\" sizes=\"auto, (max-width: 400px) 100vw, 400px\" \/><\/a><\/figure>\n<\/div>\n\n\n<h2 class=\"wp-block-heading\">Disaster Management Systems, Inc.<\/h2>\n\n\n\n<p><strong>Etiquetas&nbsp;de Triage All Risk\u00ae con pulsera para el paciente<\/strong><\/p>\n\n\n\n<p>TARJETA DE TRIAJE COMPLETAMENTE EN ESPA\u00d1OL. Optimizado para su uso como herramienta secundaria de evaluaci\u00f3n y seguimiento de pacientes, la etiqueta All Risk\u00ae Triage Tag proporciona al personal de tratamiento la capacidad de documentar el estado y la atenci\u00f3n del paciente mientras espera su transporte. El recibo de transporte mejorado, cuando se utiliza con el soporte para recibos, agiliza la carga de la ambulancia y garantiza que el n\u00famero de paciente, la gravedad y el destino est\u00e9n documentados y disponibles para una consulta r\u00e1pida. Hecha en USA.<\/p>\n\n\n\n<p><strong>Caracter\u00edsticas Clave:<\/strong><br>\u25ba&nbsp;Impermeable \/ A Prueba de Sangre<br>\u25ba&nbsp;Cord\u00f3n de Algod\u00f3n para Asegurar la Etiqueta<br>\u25ba&nbsp;C\u00f3digo de Barras para Seguimiento e Identificaci\u00f3n de Bienes<br>\u25ba&nbsp;Identificaci\u00f3n de Evidencias<br>\u25ba&nbsp;Presencia de Contaminaci\u00f3n<br>\u25ba&nbsp;Descontaminaci\u00f3n primaria y secundaria<br>\u25ba&nbsp;Indicador de lesiones por explosi\u00f3n<br>\u25ba&nbsp;Torniquete aplicado<br>\u25ba&nbsp;Gesti\u00f3n de las v\u00edas respiratorias (OPA\/NPA)<br>\u25ba&nbsp;Indicador de Glasgow<br>\u25ba&nbsp;\u00c1rea de alergias conocidas<\/p>\n\n\n<div class=\"wp-block-image\">\n<figure class=\"aligncenter size-full is-resized\"><a href=\"https:\/\/www.tactico.ec\/wp-content\/uploads\/2024\/02\/DMS-05420S_Spanish-700x700-1.jpg\"><img loading=\"lazy\" decoding=\"async\" width=\"700\" height=\"700\" src=\"https:\/\/www.tactico.ec\/wp-content\/uploads\/2024\/02\/DMS-05420S_Spanish-700x700-1.jpg\" alt=\"\" class=\"wp-image-647\" style=\"width:484px;height:auto\" srcset=\"https:\/\/www.tactico.ec\/wp-content\/uploads\/2024\/02\/DMS-05420S_Spanish-700x700-1.jpg 700w, https:\/\/www.tactico.ec\/wp-content\/uploads\/2024\/02\/DMS-05420S_Spanish-700x700-1-300x300.jpg 300w, https:\/\/www.tactico.ec\/wp-content\/uploads\/2024\/02\/DMS-05420S_Spanish-700x700-1-150x150.jpg 150w\" sizes=\"auto, (max-width: 700px) 100vw, 700px\" \/><\/a><\/figure>\n<\/div>\n\n\n<p><strong>Dispensador de Cinta de Triage de 6 Compartimientos<\/strong><\/p>\n\n\n\n<p><strong>Dise\u00f1ado para maximizar la velocidad y la eficacia del triage con cinta<\/strong><br>En cualquier entorno, este dispensador de cinta de 6 compartimentos proporciona a los socorridas la capacidad de realizar el triage inicial y registrar los recuentos inmediatos de adultos y pedi\u00e1tricos de forma r\u00e1pida y eficaz.<\/p>\n\n\n\n<p><strong>Caracter\u00edsticas clave:<\/strong><br>\u25ba&nbsp;Franja ANSI de alta reflectividad<br>\u25ba&nbsp;Bolsillo lateral de malla para guantes y tijeras*<br>\u25ba&nbsp;Dons en cintura u hombro<br>\u25ba&nbsp;Capacidad para hasta 6 rollos de cinta de 300&#8242;<br>\u25ba&nbsp;Previene enredos y colas de gallo<br>\u25ba&nbsp;Cintas sin l\u00e1tex<br>\u25ba&nbsp;\u00a1Dise\u00f1ado y ensamblado en los EE. UU.!<\/p>\n\n\n\n<p><strong>Contenido:<\/strong><br>\u2022&nbsp;Dispensador de cinta de 6 compartimentos<br>\u2022&nbsp;5 tarjetas de recuento de doble cara&nbsp;<br>\u2022&nbsp;Luz para operaciones nocturnas<br>\u2022&nbsp;2 bol\u00edgrafos<br>\u2022&nbsp;4 rollos de cinta (300&#8242;)&nbsp;(DMS-05793)<br>&nbsp; &nbsp;\u2022 INMEDIATO &#8211; Rojo<br>&nbsp; &nbsp;\u2022 DEMORADO &#8211; Amarillo<br>&nbsp; &nbsp;\u2022 MENOR &#8211; Verde<br>&nbsp; &nbsp;\u200b\u2022 EXPECTANTE\/MORGUE &#8211; Banda diagonal negra\/blanca para facilitar la identificaci\u00f3n con poca luz<br>\u2022 La vers\u00edon SALT incluye 1 rollo de&nbsp;cinta de Expectante plateada\/naranja<\/p>\n\n\n<div class=\"wp-block-image\">\n<figure class=\"aligncenter size-full is-resized\"><a href=\"https:\/\/www.tactico.ec\/wp-content\/uploads\/2024\/02\/DMS-05763_4Ribbons-700x700-1.jpg\"><img loading=\"lazy\" decoding=\"async\" width=\"700\" height=\"700\" src=\"https:\/\/www.tactico.ec\/wp-content\/uploads\/2024\/02\/DMS-05763_4Ribbons-700x700-1.jpg\" alt=\"\" class=\"wp-image-651\" style=\"width:361px;height:auto\" srcset=\"https:\/\/www.tactico.ec\/wp-content\/uploads\/2024\/02\/DMS-05763_4Ribbons-700x700-1.jpg 700w, https:\/\/www.tactico.ec\/wp-content\/uploads\/2024\/02\/DMS-05763_4Ribbons-700x700-1-300x300.jpg 300w, https:\/\/www.tactico.ec\/wp-content\/uploads\/2024\/02\/DMS-05763_4Ribbons-700x700-1-150x150.jpg 150w\" sizes=\"auto, (max-width: 700px) 100vw, 700px\" \/><\/a><\/figure>\n<\/div>\n\n\n<p><strong>Kit De Respuesta R\u00e1pida EMT3\u00ae De 9 Posiciones<\/strong><\/p>\n\n\n\n<p>Actualizado con nuestro bolsa con ruedas, dise\u00f1ada para un desplazamiento seguro y sin esfuerzo con un solo recurso. Esta herramienta integral est\u00e1 dise\u00f1ada para clasificar, tratar y preparar para el transporte a cualquier n\u00famero de pacientes, lo que permite a los departamentos atender a MCI m\u00e1s grandes.<br><br><strong>Caracter\u00edsticas clave:<\/strong><br>\u25ba&nbsp;Kit de respuesta r\u00e1pida aut\u00f3nomo y rodante<br>\u25ba&nbsp;Hojas de trabajo de posici\u00f3n EMT3\u00ae incluidas<br>\u25ba&nbsp;Hojas de trabajo de mando de incidentes para una r\u00e1pida preparaci\u00f3n de la escena<br><br><strong>Contenido del kit:<\/strong><br>\u2022&nbsp;Formularios EMT3\u00ae y tablillas con sujetapapeles para cada posici\u00f3n<br>\u2022&nbsp;(4) Lonas para el \u00e1rea de tratamiento de 15&#8242; x 20&#8242;&nbsp;(DMS-05004)&nbsp;(en Ingl\u00e9s)<br>\u2022 Bloc de 25 hojas de trabajo de mando de MCI (DMS-05562S)<br>\u2022 Rotafolio de instrucci\u00f3n EMT3\u00ae&nbsp;<br>\u2022 Folleto de instrucciones EMT3\u00ae<br>\u2022&nbsp;9 Chalecos de posici\u00f3n clave ICS<br>\u2022&nbsp;50 etiquetas de triage de pulsera All Risk\u00ae&nbsp;(DMS-05420S)<br>\u2022&nbsp;Bolsa Rodante&nbsp;(DMS-06082)<br>\u2022&nbsp;Bol\u00edgrafos<\/p>\n\n\n\n<p><strong>Puestos del ICS Incluidos:<\/strong><br>\u2022&nbsp;L\u00edder de Unidad de triage (Chaleco Azul)<br>\u2022&nbsp;L\u00edder&nbsp;de Unidad de Tratamiento&nbsp;(Chaleco Azul)<br>\u2022&nbsp;Encargado de Tratamiento Menor (Chaleco Verde)<br>\u2022&nbsp;Encargado&nbsp;de Tratamiento Demorado (Chaleco Amarillo)<br>\u2022&nbsp;Encargado&nbsp;de Tratamiento Inmediato (Chaleco Rojo)<br>\u2022 Encargado de Morgue (Chaleco Negro)<br>\u2022&nbsp;Coordinador de Comunicaciones M\u00e9dicas (Chaleco Azul)<br>\u2022&nbsp;Coordinador de Ambulancias (Chaleco Azul)<br>\u2022&nbsp;L\u00edder de Unidad de Transporte de Pacientes (Chaleco Blanco)<\/p>\n\n\n\n<p><strong>Chaleco opcional de \u00abComandante de Incidentes\u00bb y hoja de responsabilidad.<\/strong><\/p>\n\n\n\n<p>Dimensiones de la bolsa completamente cargada: 30&#8243; x 18&#8243; x 15&#8243;<\/p>\n\n\n<div class=\"wp-block-image\">\n<figure class=\"aligncenter size-full is-resized\"><a href=\"https:\/\/www.tactico.ec\/wp-content\/uploads\/2024\/02\/DMS-05001-700x700-1.jpg\"><img loading=\"lazy\" decoding=\"async\" width=\"700\" height=\"700\" src=\"https:\/\/www.tactico.ec\/wp-content\/uploads\/2024\/02\/DMS-05001-700x700-1.jpg\" alt=\"\" class=\"wp-image-652\" style=\"width:444px;height:auto\" srcset=\"https:\/\/www.tactico.ec\/wp-content\/uploads\/2024\/02\/DMS-05001-700x700-1.jpg 700w, https:\/\/www.tactico.ec\/wp-content\/uploads\/2024\/02\/DMS-05001-700x700-1-300x300.jpg 300w, https:\/\/www.tactico.ec\/wp-content\/uploads\/2024\/02\/DMS-05001-700x700-1-150x150.jpg 150w\" sizes=\"auto, (max-width: 700px) 100vw, 700px\" \/><\/a><\/figure>\n<\/div>\n\n\n<p>SI desea ver todos los productos disponibles de Disaster Management Systems, Inc. en espa\u00f1ol p\u00f3ngase en <strong><a href=\"http:\/\/www.tactico.ec\/\">contacto <\/a><\/strong>con nosotros para recibir un cat\u00e1logo. <\/p>\n","protected":false},"excerpt":{"rendered":"<p>Disaster Management Systems, Inc. Etiquetas&nbsp;de Triage All Risk\u00ae con pulsera para el paciente TARJETA DE TRIAJE COMPLETAMENTE EN ESPA\u00d1OL. Optimizado para su uso como herramienta secundaria de evaluaci\u00f3n y seguimiento de pacientes, la etiqueta All Risk\u00ae Triage Tag proporciona al personal de tratamiento la capacidad de documentar el estado y la atenci\u00f3n del paciente mientras &hellip; <a href=\"https:\/\/www.tactico.ec\/?page_id=645\" class=\"more-link\">Seguir leyendo <span class=\"screen-reader-text\">Tarjetas de Triage<\/span> <span class=\"meta-nav\">&rarr;<\/span><\/a><\/p>\n","protected":false},"author":1,"featured_media":0,"parent":0,"menu_order":0,"comment_status":"closed","ping_status":"closed","template":"","meta":{"footnotes":""},"class_list":["post-645","page","type-page","status-publish","hentry"],"_links":{"self":[{"href":"https:\/\/www.tactico.ec\/index.php?rest_route=\/wp\/v2\/pages\/645","targetHints":{"allow":["GET"]}}],"collection":[{"href":"https:\/\/www.tactico.ec\/index.php?rest_route=\/wp\/v2\/pages"}],"about":[{"href":"https:\/\/www.tactico.ec\/index.php?rest_route=\/wp\/v2\/types\/page"}],"author":[{"embeddable":true,"href":"https:\/\/www.tactico.ec\/index.php?rest_route=\/wp\/v2\/users\/1"}],"replies":[{"embeddable":true,"href":"https:\/\/www.tactico.ec\/index.php?rest_route=%2Fwp%2Fv2%2Fcomments&post=645"}],"version-history":[{"count":4,"href":"https:\/\/www.tactico.ec\/index.php?rest_route=\/wp\/v2\/pages\/645\/revisions"}],"predecessor-version":[{"id":690,"href":"https:\/\/www.tactico.ec\/index.php?rest_route=\/wp\/v2\/pages\/645\/revisions\/690"}],"wp:attachment":[{"href":"https:\/\/www.tactico.ec\/index.php?rest_route=%2Fwp%2Fv2%2Fmedia&parent=645"}],"curies":[{"name":"wp","href":"https:\/\/api.w.org\/{rel}","templated":true}]}}