{"id":753,"date":"2025-08-27T19:46:12","date_gmt":"2025-08-27T19:46:12","guid":{"rendered":"https:\/\/www.tactico.ec\/?page_id=753"},"modified":"2025-08-27T22:29:02","modified_gmt":"2025-08-27T22:29:02","slug":"68-medical-solutions","status":"publish","type":"page","link":"https:\/\/www.tactico.ec\/?page_id=753","title":{"rendered":"6:8 Medical Solutions"},"content":{"rendered":"<div class=\"wp-block-image\">\n<figure class=\"aligncenter size-full is-resized\"><a href=\"https:\/\/www.tactico.ec\/wp-content\/uploads\/2025\/08\/68-medical-solutions-logo-.jpeg\"><img loading=\"lazy\" decoding=\"async\" width=\"272\" height=\"322\" src=\"https:\/\/www.tactico.ec\/wp-content\/uploads\/2025\/08\/68-medical-solutions-logo-.jpeg\" alt=\"\" class=\"wp-image-750\" style=\"width:83px;height:auto\" srcset=\"https:\/\/www.tactico.ec\/wp-content\/uploads\/2025\/08\/68-medical-solutions-logo-.jpeg 272w, https:\/\/www.tactico.ec\/wp-content\/uploads\/2025\/08\/68-medical-solutions-logo--253x300.jpeg 253w\" sizes=\"auto, (max-width: 272px) 100vw, 272px\" \/><\/a><\/figure>\n<\/div>\n\n\n<p class=\"has-text-align-center\"><em>\u00abTo place the right equipment in the right hands at the right time in order to save lives.\u00bb<\/em><\/p>\n\n\n\n<p>ADVANTAGE\u00ae BARRA PARA PRESI\u00d3N FOCALIZADA .<\/p>\n\n\n<div class=\"wp-block-image\">\n<figure class=\"aligncenter size-large is-resized\"><a href=\"https:\/\/www.tactico.ec\/wp-content\/uploads\/2025\/08\/Sin-titulo.jpg\"><img loading=\"lazy\" decoding=\"async\" width=\"1024\" height=\"834\" src=\"https:\/\/www.tactico.ec\/wp-content\/uploads\/2025\/08\/Sin-titulo-1024x834.jpg\" alt=\"\" class=\"wp-image-784\" style=\"width:322px;height:auto\" srcset=\"https:\/\/www.tactico.ec\/wp-content\/uploads\/2025\/08\/Sin-titulo-1024x834.jpg 1024w, https:\/\/www.tactico.ec\/wp-content\/uploads\/2025\/08\/Sin-titulo-300x244.jpg 300w, https:\/\/www.tactico.ec\/wp-content\/uploads\/2025\/08\/Sin-titulo-768x625.jpg 768w, https:\/\/www.tactico.ec\/wp-content\/uploads\/2025\/08\/Sin-titulo.jpg 1385w\" sizes=\"auto, (max-width: 1024px) 100vw, 1024px\" \/><\/a><\/figure>\n<\/div>\n\n\n<p>Con 03 Cabezas de presi\u00f3n, 01 grande, 01 mediana, 01 peque\u00f1a. Puede usarse en conjunto con cualquier torniquete o vendaje compresivo del mercado o con cualquier venda el\u00e1stica tradicional en sangrados y empaquetamientos. Hecha en USA \ud83c\uddfa\ud83c\uddf8.<\/p>\n\n\n<div class=\"wp-block-image\">\n<figure class=\"aligncenter size-large\"><a href=\"https:\/\/www.tactico.ec\/wp-content\/uploads\/2025\/08\/Sin-titulo4.jpg\"><img loading=\"lazy\" decoding=\"async\" width=\"1024\" height=\"346\" src=\"https:\/\/www.tactico.ec\/wp-content\/uploads\/2025\/08\/Sin-titulo4-1024x346.jpg\" alt=\"Advantage Pressure Bar Set\" class=\"wp-image-761\" srcset=\"https:\/\/www.tactico.ec\/wp-content\/uploads\/2025\/08\/Sin-titulo4-1024x346.jpg 1024w, https:\/\/www.tactico.ec\/wp-content\/uploads\/2025\/08\/Sin-titulo4-300x101.jpg 300w, https:\/\/www.tactico.ec\/wp-content\/uploads\/2025\/08\/Sin-titulo4-768x260.jpg 768w, https:\/\/www.tactico.ec\/wp-content\/uploads\/2025\/08\/Sin-titulo4-1536x520.jpg 1536w, https:\/\/www.tactico.ec\/wp-content\/uploads\/2025\/08\/Sin-titulo4.jpg 1824w\" sizes=\"auto, (max-width: 1024px) 100vw, 1024px\" \/><\/a><\/figure>\n<\/div>\n\n\n<ul class=\"wp-block-list\">\n<li>Permite la perfusi\u00f3n en los vasos no seleccionados.<\/li>\n\n\n\n<li>Reduce el dolor de la congesti\u00f3n sangu\u00ednea <\/li>\n\n\n\n<li>Apto para usarse en conversiones de torniquete.<\/li>\n\n\n\n<li>Limita la isquemia distal.<\/li>\n\n\n\n<li>Evita el sindrome compartimental.<\/li>\n<\/ul>\n\n\n<div class=\"wp-block-image\">\n<figure class=\"aligncenter size-large is-resized\"><a href=\"https:\/\/www.tactico.ec\/wp-content\/uploads\/2025\/08\/PD3.jpg\"><img loading=\"lazy\" decoding=\"async\" width=\"802\" height=\"1024\" src=\"https:\/\/www.tactico.ec\/wp-content\/uploads\/2025\/08\/PD3-802x1024.jpg\" alt=\"Advantage Pressure Bar Set\" class=\"wp-image-765\" style=\"width:461px;height:auto\" srcset=\"https:\/\/www.tactico.ec\/wp-content\/uploads\/2025\/08\/PD3-802x1024.jpg 802w, https:\/\/www.tactico.ec\/wp-content\/uploads\/2025\/08\/PD3-235x300.jpg 235w, https:\/\/www.tactico.ec\/wp-content\/uploads\/2025\/08\/PD3-768x981.jpg 768w, https:\/\/www.tactico.ec\/wp-content\/uploads\/2025\/08\/PD3-1203x1536.jpg 1203w, https:\/\/www.tactico.ec\/wp-content\/uploads\/2025\/08\/PD3-1604x2048.jpg 1604w, https:\/\/www.tactico.ec\/wp-content\/uploads\/2025\/08\/PD3.jpg 1852w\" sizes=\"auto, (max-width: 802px) 100vw, 802px\" \/><\/a><\/figure>\n<\/div>\n\n\n<p>VENDAJE COMPRESIVO HEMGUARD\u00ae <\/p>\n\n\n\n<div class=\"wp-block-columns is-layout-flex wp-container-core-columns-is-layout-9d6595d7 wp-block-columns-is-layout-flex\">\n<div class=\"wp-block-column is-vertically-aligned-center is-layout-flow wp-block-column-is-layout-flow\">\n<figure class=\"wp-block-image size-full\"><a href=\"https:\/\/www.tactico.ec\/wp-content\/uploads\/2025\/08\/Sin-titulo7.jpg\"><img loading=\"lazy\" decoding=\"async\" width=\"929\" height=\"621\" src=\"https:\/\/www.tactico.ec\/wp-content\/uploads\/2025\/08\/Sin-titulo7.jpg\" alt=\"\" class=\"wp-image-772\" srcset=\"https:\/\/www.tactico.ec\/wp-content\/uploads\/2025\/08\/Sin-titulo7.jpg 929w, https:\/\/www.tactico.ec\/wp-content\/uploads\/2025\/08\/Sin-titulo7-300x201.jpg 300w, https:\/\/www.tactico.ec\/wp-content\/uploads\/2025\/08\/Sin-titulo7-768x513.jpg 768w\" sizes=\"auto, (max-width: 929px) 100vw, 929px\" \/><\/a><\/figure>\n<\/div>\n\n\n\n<div class=\"wp-block-column is-layout-flow wp-block-column-is-layout-flow\">\n<figure class=\"wp-block-image size-full\"><a href=\"https:\/\/www.tactico.ec\/wp-content\/uploads\/2025\/08\/HEMGUARD-1.jpeg\"><img loading=\"lazy\" decoding=\"async\" width=\"603\" height=\"679\" src=\"https:\/\/www.tactico.ec\/wp-content\/uploads\/2025\/08\/HEMGUARD-1.jpeg\" alt=\"\" class=\"wp-image-766\" srcset=\"https:\/\/www.tactico.ec\/wp-content\/uploads\/2025\/08\/HEMGUARD-1.jpeg 603w, https:\/\/www.tactico.ec\/wp-content\/uploads\/2025\/08\/HEMGUARD-1-266x300.jpeg 266w\" sizes=\"auto, (max-width: 603px) 100vw, 603px\" \/><\/a><\/figure>\n<\/div>\n<\/div>\n\n\n\n<ul class=\"wp-block-list\">\n<li>Simplifica la aplicaci\u00f3n en cuello, cabeza, axilas, p\u00e9lvis y miembros amputados.<\/li>\n\n\n\n<li>04 Puntos de anclaje para redireccionar la tensi\u00f3n.<\/li>\n\n\n\n<li>Cabeza de presi\u00f3n focalizada.<\/li>\n\n\n\n<li>Ventaja mec\u00e1nica en 2 direcciones.<\/li>\n\n\n\n<li>Se puede a\u00f1adir un torniquete para mayor presi\u00f3n.<\/li>\n\n\n\n<li>Disponible en 6&#8243; (15cm) y 4&#8243; (10cm).<\/li>\n<\/ul>\n\n\n\n<div class=\"wp-block-columns is-layout-flex wp-container-core-columns-is-layout-9d6595d7 wp-block-columns-is-layout-flex\">\n<div class=\"wp-block-column is-layout-flow wp-block-column-is-layout-flow\"><\/div>\n\n\n\n<div class=\"wp-block-column is-layout-flow wp-block-column-is-layout-flow\"><\/div>\n<\/div>\n\n\n<div class=\"wp-block-image\">\n<figure class=\"aligncenter size-large is-resized\"><a href=\"https:\/\/www.tactico.ec\/wp-content\/uploads\/2025\/08\/HEMGUARD-copia.jpeg\"><img loading=\"lazy\" decoding=\"async\" width=\"923\" height=\"1024\" src=\"https:\/\/www.tactico.ec\/wp-content\/uploads\/2025\/08\/HEMGUARD-copia-923x1024.jpeg\" alt=\"\" class=\"wp-image-796\" style=\"width:461px\" srcset=\"https:\/\/www.tactico.ec\/wp-content\/uploads\/2025\/08\/HEMGUARD-copia-923x1024.jpeg 923w, https:\/\/www.tactico.ec\/wp-content\/uploads\/2025\/08\/HEMGUARD-copia-270x300.jpeg 270w, https:\/\/www.tactico.ec\/wp-content\/uploads\/2025\/08\/HEMGUARD-copia-768x852.jpeg 768w, https:\/\/www.tactico.ec\/wp-content\/uploads\/2025\/08\/HEMGUARD-copia-1384x1536.jpeg 1384w, https:\/\/www.tactico.ec\/wp-content\/uploads\/2025\/08\/HEMGUARD-copia.jpeg 1757w\" sizes=\"auto, (max-width: 923px) 100vw, 923px\" \/><\/a><\/figure>\n<\/div>\n\n<div class=\"wp-block-image\">\n<figure class=\"aligncenter size-large is-resized\"><a href=\"https:\/\/www.tactico.ec\/wp-content\/uploads\/2025\/08\/8-copia.jpg\"><img loading=\"lazy\" decoding=\"async\" width=\"852\" height=\"1024\" src=\"https:\/\/www.tactico.ec\/wp-content\/uploads\/2025\/08\/8-copia-852x1024.jpg\" alt=\"\" class=\"wp-image-775\" style=\"width:363px;height:auto\" srcset=\"https:\/\/www.tactico.ec\/wp-content\/uploads\/2025\/08\/8-copia-852x1024.jpg 852w, https:\/\/www.tactico.ec\/wp-content\/uploads\/2025\/08\/8-copia-250x300.jpg 250w, https:\/\/www.tactico.ec\/wp-content\/uploads\/2025\/08\/8-copia-768x923.jpg 768w, https:\/\/www.tactico.ec\/wp-content\/uploads\/2025\/08\/8-copia-1278x1536.jpg 1278w, https:\/\/www.tactico.ec\/wp-content\/uploads\/2025\/08\/8-copia-1704x2048.jpg 1704w, https:\/\/www.tactico.ec\/wp-content\/uploads\/2025\/08\/8-copia.jpg 1768w\" sizes=\"auto, (max-width: 852px) 100vw, 852px\" \/><\/a><\/figure>\n<\/div>\n\n\n<ul class=\"wp-block-list\">\n<li>Empaque con indicadores de \u00edndices para apertura en baja visibilidad.<\/li>\n\n\n\n<li>Empaque visible con aparatos de visi\u00f3n nocturna.<\/li>\n\n\n\n<li>Orificios de apertura optimizados para mejor agarre.<\/li>\n\n\n\n<li>Empaque de color negro t\u00e1ctico y con la parte posterior transparente para ver el producto a usarse.<\/li>\n<\/ul>\n","protected":false},"excerpt":{"rendered":"<p>\u00abTo place the right equipment in the right hands at the right time in order to save lives.\u00bb ADVANTAGE\u00ae BARRA PARA PRESI\u00d3N FOCALIZADA . Con 03 Cabezas de presi\u00f3n, 01 grande, 01 mediana, 01 peque\u00f1a. Puede usarse en conjunto con cualquier torniquete o vendaje compresivo del mercado o con cualquier venda el\u00e1stica tradicional en sangrados &hellip; <a href=\"https:\/\/www.tactico.ec\/?page_id=753\" class=\"more-link\">Seguir leyendo <span class=\"screen-reader-text\">6:8 Medical Solutions<\/span> <span class=\"meta-nav\">&rarr;<\/span><\/a><\/p>\n","protected":false},"author":1,"featured_media":0,"parent":0,"menu_order":0,"comment_status":"closed","ping_status":"closed","template":"","meta":{"footnotes":""},"class_list":["post-753","page","type-page","status-publish","hentry"],"_links":{"self":[{"href":"https:\/\/www.tactico.ec\/index.php?rest_route=\/wp\/v2\/pages\/753","targetHints":{"allow":["GET"]}}],"collection":[{"href":"https:\/\/www.tactico.ec\/index.php?rest_route=\/wp\/v2\/pages"}],"about":[{"href":"https:\/\/www.tactico.ec\/index.php?rest_route=\/wp\/v2\/types\/page"}],"author":[{"embeddable":true,"href":"https:\/\/www.tactico.ec\/index.php?rest_route=\/wp\/v2\/users\/1"}],"replies":[{"embeddable":true,"href":"https:\/\/www.tactico.ec\/index.php?rest_route=%2Fwp%2Fv2%2Fcomments&post=753"}],"version-history":[{"count":27,"href":"https:\/\/www.tactico.ec\/index.php?rest_route=\/wp\/v2\/pages\/753\/revisions"}],"predecessor-version":[{"id":801,"href":"https:\/\/www.tactico.ec\/index.php?rest_route=\/wp\/v2\/pages\/753\/revisions\/801"}],"wp:attachment":[{"href":"https:\/\/www.tactico.ec\/index.php?rest_route=%2Fwp%2Fv2%2Fmedia&parent=753"}],"curies":[{"name":"wp","href":"https:\/\/api.w.org\/{rel}","templated":true}]}}